{"id":1324,"date":"2024-05-20T21:09:05","date_gmt":"2024-05-20T21:09:05","guid":{"rendered":"https:\/\/dracosystems.net\/new\/?page_id=1324"},"modified":"2024-05-22T14:51:50","modified_gmt":"2024-05-22T14:51:50","slug":"mercats","status":"publish","type":"page","link":"https:\/\/dracosystems.net\/new\/mercats\/","title":{"rendered":"Mercats"},"content":{"rendered":"<p>[et_pb_section fb_built=&#8221;1&#8243; fullwidth=&#8221;on&#8221; _builder_version=&#8221;4.24.2&#8243; _module_preset=&#8221;default&#8221; background_color=&#8221;RGBA(255,255,255,0)&#8221; background_enable_video_mp4=&#8221;off&#8221; locked=&#8221;off&#8221; global_colors_info=&#8221;{}&#8221; theme_builder_area=&#8221;post_content&#8221;][et_pb_fullwidth_header header_fullscreen=&#8221;on&#8221; background_overlay_color=&#8221;rgba(0,0,0,0.27)&#8221; _builder_version=&#8221;4.25.1&#8243; _module_preset=&#8221;default&#8221; background_color=&#8221;RGBA(255,255,255,0)&#8221; background_video_mp4=&#8221;http:\/\/dracosystems.net\/new\/wp-content\/uploads\/2024\/03\/casos2024.mp4&#8243; global_colors_info=&#8221;{}&#8221; theme_builder_area=&#8221;post_content&#8221;][\/et_pb_fullwidth_header][\/et_pb_section][et_pb_section fb_built=&#8221;1&#8243; admin_label=&#8221;Historia produccions&#8221; _builder_version=&#8221;4.24.2&#8243; _module_preset=&#8221;default&#8221; collapsed=&#8221;off&#8221; global_colors_info=&#8221;{}&#8221; theme_builder_area=&#8221;post_content&#8221;][et_pb_row _builder_version=&#8221;4.24.2&#8243; _module_preset=&#8221;default&#8221; global_colors_info=&#8221;{}&#8221; theme_builder_area=&#8221;post_content&#8221;][et_pb_column type=&#8221;4_4&#8243; _builder_version=&#8221;4.24.2&#8243; _module_preset=&#8221;default&#8221; global_colors_info=&#8221;{}&#8221; theme_builder_area=&#8221;post_content&#8221;][et_pb_text _builder_version=&#8221;4.24.2&#8243; _module_preset=&#8221;default&#8221; text_font=&#8221;|800|on||||||&#8221; text_font_size=&#8221;36px&#8221; scroll_fade_enable=&#8221;on&#8221; text_text_shadow_style=&#8221;preset1&#8243; text_text_shadow_horizontal_length=&#8221;0.14em&#8221; text_text_shadow_vertical_length=&#8221;0.22em&#8221; text_text_shadow_color=&#8221;#F3D03E&#8221; global_colors_info=&#8221;{}&#8221; theme_builder_area=&#8221;post_content&#8221;]<\/p>\n<p><strong>Mercats<\/strong><strong><\/strong><\/p>\n<p><strong><\/strong><\/p>\n<p>[\/et_pb_text][et_pb_text _builder_version=&#8221;4.25.1&#8243; _module_preset=&#8221;default&#8221; global_colors_info=&#8221;{}&#8221; theme_builder_area=&#8221;post_content&#8221;]<\/p>\n<p><strong>Descobrir l&#8217;Univers de Solucions de Draco Systems<\/strong><\/p>\n<p>A Draco Systems, ens enorgullem de la nostra traject\u00f2ria excepcional en el desenvolupament i l&#8217;enginyeria de productes electr\u00f2nics, deixant un espectre diferent de mercats i desafiaments tecnol\u00f2gics. Amb m\u00e9s de dues d\u00e8cades d&#8217;experi\u00e8ncia, hem establert una pres\u00e8ncia formidable en sectors cr\u00edtics, entregant solucions que no nom\u00e9s compleixen, sin\u00f3 que defineixen els est\u00e0ndards de la ind\u00fastria.<\/p>\n<p><strong>Un Panorama de Mercats Innovadors<\/strong><\/p>\n<p>La nostra experi\u00e8ncia s\u00b4est\u00e9n a trav\u00e9s d\u00b4una varietat de camps :<\/p>\n<ul>\n<li><strong>Tecnologia M\u00e8dica<\/strong> : Millorant la qualitat de vida amb dispositius m\u00e8dics innovadors, des d&#8217;equips de diagn\u00f2stic fins a solucions de monitoritzaci\u00f3 de pacients.<\/li>\n<li><strong>Automoci\u00f3<\/strong> : Revolucionant la ind\u00fastria automotriz amb sistemes electr\u00f2nics avan\u00e7ats que augmenten la seguretat i el rendiment.<\/li>\n<li><strong>Telecomunicacions<\/strong> : Connectant el m\u00f3n amb tecnologia de comunicacions de vanguardia, facilitant xarxes m\u00e9s r\u00e0pides i fiables.<\/li>\n<li><strong>Energies Renovables<\/strong> : Recolzant la transici\u00f3 a energies m\u00e9s verdes amb sistemes intel\u00b7ligents per a la gesti\u00f3 d&#8217;energia solar i e\u00f2lica.<\/li>\n<li><strong>Aeroespacial<\/strong> : Ofereixen solucions robustes i d&#8217;alta precisi\u00f3 que compleixen amb els requisits est\u00e0ndards de seguretat i fiabilitat.<\/li>\n<li><strong>Consum Electr\u00f2nic<\/strong> : Crean productes que enriqueixen la vida cotidiana, des de dispositius d&#8217;entreteniment fins a solucions per a la llar intel\u00b7ligent.<\/li>\n<li><strong>Joc<\/strong> : <span>La ind\u00fastria del gaming impulsa l&#8217;aven\u00e7 tecnol\u00f2gic en el muntatge electr\u00f2nic, promovent innovacions en disseny de maquinari i efici\u00e8ncia de producci\u00f3. <\/span><span>Draco Systems ofereix solucions d&#8217;alta qualitat en el disseny i muntatge de plaques electr\u00f2niques per a la ind\u00fastria del gaming, garantint fiabilitat i rendiment excepcionals.<\/span><\/li>\n<\/ul>\n<p><strong>Experi\u00e8ncia i Excel\u00b7l\u00e8ncia: La Promesa de Draco Systems<\/strong><\/p>\n<p>A Draco Systems, no nom\u00e9s construim productes; creem experi\u00e8ncies i solucions que impulsen el progr\u00e9s i la innovaci\u00f3. Nuestra comprensi\u00f3n profunda de las complejidades de cada mercado ens permite ofrecer servicios y productos que est\u00e1n perfectamente alineados con las necesidades y expectativas de nuestros clientes. A trav\u00e9s d&#8217;una combinaci\u00f3 de creativitat, enginyeria de precisi\u00f3 i tecnologia de punta, assegurem que cada projecte no nom\u00e9s abast, sin\u00f3 que superen les metades establertes.<\/p>\n<p><span>La nostra experi\u00e8ncia en tecnologies avan\u00e7ades permet crear components personalitzats que satisfan les exig\u00e8ncies dels sectors m\u00e9s exigens. Amb un enfocament en la innovaci\u00f3 i la millora cont\u00ednua, assegurem una producci\u00f3 eficient i precisa, maximitzant el valor per als nostres clients. Col\u00b7laborant amb Draco Systems, el teu sector pot comptar amb un aliat estrat\u00e8gic per liderar el mercat amb productes tecnol\u00f2gicament superiors.<\/span><\/p>\n<p><strong>La teva Visi\u00f3, La nostra Missi\u00f3<\/strong><\/p>\n<p>Per a aquells que busquen un soci confiable i experimentat i de futur per dur a terme els seus productes a la realitat, Draco Systems representa l&#8217;elecci\u00f3 ideal per acompanyar-te al llarg del teu cam\u00ed. El nostre comprom\u00eds amb l&#8217;excel\u00b7l\u00e8ncia i la qualitat, combinat amb la nostra \u00e0mplia experi\u00e8ncia en una diversitat de mercats, ens col\u00b7loquem en una posici\u00f3 \u00fanica per ajudar als nostres clients a navegar el cam\u00ed cap a l&#8217;\u00e8xit. Ja esteu explorant la frontera de noves aplicacions m\u00e8diques o buscant innovar en el sector de l&#8217;energia renovable, estem aqu\u00ed per convertir la vostra visi\u00f3 en un producte exitoso.<\/p>\n<p>Convidem empreses vision\u00e0ries a unir-se a nosaltres al cam\u00ed cap a la innovaci\u00f3 i l&#8217;\u00e8xit. Amb Draco Systems, vost\u00e8 no nom\u00e9s guanya un prove\u00efdor; adquireix un soci comprom\u00e8s amb dur a terme el seu projecte al seg\u00fcent nivell. Descobriu avui com podem ajudar-vos a realitzar les vostres ambicions tecnol\u00f2giques amb solucions que marquin la difer\u00e8ncia.<\/p>\n<p>[\/et_pb_text][\/et_pb_column][\/et_pb_row][\/et_pb_section]<\/p>\n","protected":false},"excerpt":{"rendered":"<p>Mercats Descobrir l&#8217;Univers de Solucions de Draco Systems A Draco Systems, ens enorgullem de la nostra traject\u00f2ria excepcional en el desenvolupament i l&#8217;enginyeria de productes electr\u00f2nics, deixant un espectre diferent de mercats i desafiaments tecnol\u00f2gics. Amb m\u00e9s de dues d\u00e8cades d&#8217;experi\u00e8ncia, hem establert una pres\u00e8ncia formidable en sectors cr\u00edtics, entregant solucions que no nom\u00e9s compleixen, [&hellip;]<\/p>\n","protected":false},"author":1,"featured_media":0,"parent":0,"menu_order":0,"comment_status":"closed","ping_status":"closed","template":"","meta":{"_et_pb_use_builder":"on","_et_pb_old_content":"","_et_gb_content_width":"","footnotes":""},"class_list":["post-1324","page","type-page","status-publish","hentry"],"_links":{"self":[{"href":"https:\/\/dracosystems.net\/new\/wp-json\/wp\/v2\/pages\/1324","targetHints":{"allow":["GET"]}}],"collection":[{"href":"https:\/\/dracosystems.net\/new\/wp-json\/wp\/v2\/pages"}],"about":[{"href":"https:\/\/dracosystems.net\/new\/wp-json\/wp\/v2\/types\/page"}],"author":[{"embeddable":true,"href":"https:\/\/dracosystems.net\/new\/wp-json\/wp\/v2\/users\/1"}],"replies":[{"embeddable":true,"href":"https:\/\/dracosystems.net\/new\/wp-json\/wp\/v2\/comments?post=1324"}],"version-history":[{"count":8,"href":"https:\/\/dracosystems.net\/new\/wp-json\/wp\/v2\/pages\/1324\/revisions"}],"predecessor-version":[{"id":1380,"href":"https:\/\/dracosystems.net\/new\/wp-json\/wp\/v2\/pages\/1324\/revisions\/1380"}],"wp:attachment":[{"href":"https:\/\/dracosystems.net\/new\/wp-json\/wp\/v2\/media?parent=1324"}],"curies":[{"name":"wp","href":"https:\/\/api.w.org\/{rel}","templated":true}]}}