{"id":1340,"date":"2024-05-20T21:09:05","date_gmt":"2024-05-20T21:09:05","guid":{"rendered":"https:\/\/dracosystems.net\/new\/mercados-2\/"},"modified":"2024-05-22T15:32:38","modified_gmt":"2024-05-22T15:32:38","slug":"mercados","status":"publish","type":"page","link":"https:\/\/dracosystems.net\/new\/mercados\/?lang=es","title":{"rendered":"Mercados"},"content":{"rendered":"<p>[et_pb_section fb_built=&#8221;1&#8243; fullwidth=&#8221;on&#8221; _builder_version=&#8221;4.24.2&#8243; _module_preset=&#8221;default&#8221; background_color=&#8221;RGBA(255,255,255,0)&#8221; background_enable_video_mp4=&#8221;off&#8221; locked=&#8221;off&#8221; global_colors_info=&#8221;{}&#8221; theme_builder_area=&#8221;post_content&#8221;][et_pb_fullwidth_header header_fullscreen=&#8221;on&#8221; background_overlay_color=&#8221;rgba(0,0,0,0.27)&#8221; _builder_version=&#8221;4.25.1&#8243; _module_preset=&#8221;default&#8221; background_color=&#8221;RGBA(255,255,255,0)&#8221; background_video_mp4=&#8221;http:\/\/dracosystems.net\/new\/wp-content\/uploads\/2024\/03\/casos2024.mp4&#8243; global_colors_info=&#8221;{}&#8221; theme_builder_area=&#8221;post_content&#8221;][\/et_pb_fullwidth_header][\/et_pb_section][et_pb_section fb_built=&#8221;1&#8243; admin_label=&#8221;Historia produccions&#8221; _builder_version=&#8221;4.24.2&#8243; _module_preset=&#8221;default&#8221; collapsed=&#8221;off&#8221; global_colors_info=&#8221;{}&#8221; theme_builder_area=&#8221;post_content&#8221;][et_pb_row _builder_version=&#8221;4.24.2&#8243; _module_preset=&#8221;default&#8221; global_colors_info=&#8221;{}&#8221; theme_builder_area=&#8221;post_content&#8221;][et_pb_column type=&#8221;4_4&#8243; _builder_version=&#8221;4.24.2&#8243; _module_preset=&#8221;default&#8221; global_colors_info=&#8221;{}&#8221; theme_builder_area=&#8221;post_content&#8221;][et_pb_text _builder_version=&#8221;4.24.2&#8243; _module_preset=&#8221;default&#8221; text_font=&#8221;|800|on||||||&#8221; text_font_size=&#8221;36px&#8221; scroll_fade_enable=&#8221;on&#8221; text_text_shadow_style=&#8221;preset1&#8243; text_text_shadow_horizontal_length=&#8221;0.14em&#8221; text_text_shadow_vertical_length=&#8221;0.22em&#8221; text_text_shadow_color=&#8221;#F3D03E&#8221; global_colors_info=&#8221;{}&#8221; theme_builder_area=&#8221;post_content&#8221;]<\/p>\n<p><strong>Mercados<\/strong><strong><\/strong><\/p>\n<p><strong><\/strong><\/p>\n<p>[\/et_pb_text][et_pb_text _builder_version=&#8221;4.25.1&#8243; _module_preset=&#8221;default&#8221; global_colors_info=&#8221;{}&#8221; theme_builder_area=&#8221;post_content&#8221;]<\/p>\n<p><strong>Descubrir el Universo de Soluciones de Draco Systems<\/strong><\/p>\n<p>En Draco Systems, nos enorgullecemos de nuestra trayectoria excepcional en el desarrollo y la ingenier\u00eda de productos electr\u00f3nicos, dejando un espectro distinto de mercados y desaf\u00edos tecnol\u00f3gicos. Con m\u00e1s de dos d\u00e9cadas de experiencia, hemos establecido una formidable presencia en sectores cr\u00edticos, entregando soluciones que no s\u00f3lo cumplen, sino que definen los est\u00e1ndares de la industria.<\/p>\n<p><strong>Un Panorama de Mercados Innovadores<\/strong><\/p>\n<p>Nuestra experiencia se extiende a trav\u00e9s de una variedad de campos:<\/p>\n<ul>\n<li><strong>Tecnolog\u00eda M\u00e9dica<\/strong> : Mejorando la calidad de vida con dispositivos m\u00e9dicos innovadores, desde equipos de diagn\u00f3stico hasta soluciones de monitorizaci\u00f3n de pacientes.<\/li>\n<li><strong>Automoci\u00f3n<\/strong> : Revolucionando la industria automotriz con sistemas electr\u00f3nicos avanzados que aumentan la seguridad y el rendimiento.<\/li>\n<li><strong>Telecomunicaciones<\/strong> : Conectando el mundo con tecnolog\u00eda de comunicaciones de vanguardia, facilitando redes m\u00e1s r\u00e1pidas y fiables.<\/li>\n<li><strong>Energ\u00edas Renovables<\/strong> : Apoyando la transici\u00f3n a energ\u00edas m\u00e1s verdes con sistemas inteligentes para la gesti\u00f3n de energ\u00eda solar y e\u00f3lica.<\/li>\n<li><strong>Aeroespacial<\/strong> : Ofrecen soluciones robustas y de alta precisi\u00f3n que cumplen con los requisitos est\u00e1ndares de seguridad y fiabilidad.<\/li>\n<li><strong>Consumo Electr\u00f3nico<\/strong> : Crean productos que enriquecen la vida quotidiana, desde dispositivos de entretenimiento hasta soluciones para el hogar inteligente.<\/li>\n<li><strong>Juego<\/strong> : <span>La industria del gaming impulsa el avance tecnol\u00f3gico en el montaje electr\u00f3nico, promoviendo innovaciones en dise\u00f1o de hardware y eficiencia de producci\u00f3n.<\/span> <span>Draco Systems ofrece soluciones de alta calidad en el dise\u00f1o y montaje de placas electr\u00f3nicas para la industria del gaming, garantizando confiabilidad y rendimiento excepcionales.<\/span><\/li>\n<\/ul>\n<p><strong>Experiencia y Excelencia: La Promesa de Draco Systems<\/strong><\/p>\n<p>En Draco Systems, no s\u00f3lo construimos productos; creamos experiencias y soluciones que impulsan el progreso y la innovaci\u00f3n. Nuestra comprensi\u00f3n profunda de las complejidades de cada mercado nos permite ofrecer servicios y productos que est\u00e1n perfectamente alineados con las necesidades y expectativas de nuestros clientes. A trav\u00e9s de una combinaci\u00f3n de creatividad, ingenier\u00eda de precisi\u00f3n y tecnolog\u00eda de punta, aseguramos que cada proyecto no s\u00f3lo alcance, sino que superan los metados establecidos.<\/p>\n<p><span>Nuestra experiencia en tecnolog\u00edas avanzadas permite crear componentes personalizados que cumplan las exigencias de los sectores m\u00e1s exigentes. Con un enfoque en la innovaci\u00f3n y mejora continua, aseguramos una producci\u00f3n eficiente y precisa, maximizando el valor para nuestros clientes. Colaborando con Draco Systems tu sector puede contar con un aliado estrat\u00e9gico para liderar el mercado con productos tecnol\u00f3gicamente superiores.<\/span><\/p>\n<p><strong>Tu Visi\u00f3n, Nuestra Misi\u00f3n<\/strong><\/p>\n<p>Para aquellos que buscan un socio confiable y experimentado y de futuro para llevar a cabo sus productos en la realidad, Draco Systems representa la elecci\u00f3n ideal para acompa\u00f1arte a lo largo de tu camino. Nuestro compromiso con la excelencia y calidad, combinado con nuestra amplia experiencia en una diversidad de mercados, nos colocamos en una posici\u00f3n \u00fanica para ayudar a nuestros clientes a navegar el camino hacia el \u00e9xito. Ya est\u00e1 explorando la frontera de nuevas aplicaciones m\u00e9dicas o buscando innovar en el sector de la energ\u00eda renovable, estamos aqu\u00ed para convertir su visi\u00f3n en un producto exitoso.<\/p>\n<p>Invitamos a empresas visionarias a unirse a nosotros en el camino hacia la innovaci\u00f3n y el \u00e9xito. Con Draco Systems, usted no s\u00f3lo gana un proveedor; adquiere un socio comprometido con llevar a cabo su proyecto en el siguiente nivel. Descubra hoy c\u00f3mo podemos ayudarle a realizar sus ambiciones tecnol\u00f3gicas con soluciones que marquen la diferencia.<\/p>\n<p>[\/et_pb_text][\/et_pb_column][\/et_pb_row][\/et_pb_section]<\/p>\n","protected":false},"excerpt":{"rendered":"<p>Mercados Descubrir el Universo de Soluciones de Draco Systems En Draco Systems, nos enorgullecemos de nuestra trayectoria excepcional en el desarrollo y la ingenier\u00eda de productos electr\u00f3nicos, dejando un espectro distinto de mercados y desaf\u00edos tecnol\u00f3gicos. Con m\u00e1s de dos d\u00e9cadas de experiencia, hemos establecido una formidable presencia en sectores cr\u00edticos, entregando soluciones que no [&hellip;]<\/p>\n","protected":false},"author":1,"featured_media":0,"parent":0,"menu_order":0,"comment_status":"closed","ping_status":"closed","template":"","meta":{"_et_pb_use_builder":"on","_et_pb_old_content":"","_et_gb_content_width":"","footnotes":""},"class_list":["post-1340","page","type-page","status-publish","hentry"],"_links":{"self":[{"href":"https:\/\/dracosystems.net\/new\/wp-json\/wp\/v2\/pages\/1340","targetHints":{"allow":["GET"]}}],"collection":[{"href":"https:\/\/dracosystems.net\/new\/wp-json\/wp\/v2\/pages"}],"about":[{"href":"https:\/\/dracosystems.net\/new\/wp-json\/wp\/v2\/types\/page"}],"author":[{"embeddable":true,"href":"https:\/\/dracosystems.net\/new\/wp-json\/wp\/v2\/users\/1"}],"replies":[{"embeddable":true,"href":"https:\/\/dracosystems.net\/new\/wp-json\/wp\/v2\/comments?post=1340"}],"version-history":[{"count":6,"href":"https:\/\/dracosystems.net\/new\/wp-json\/wp\/v2\/pages\/1340\/revisions"}],"predecessor-version":[{"id":1432,"href":"https:\/\/dracosystems.net\/new\/wp-json\/wp\/v2\/pages\/1340\/revisions\/1432"}],"wp:attachment":[{"href":"https:\/\/dracosystems.net\/new\/wp-json\/wp\/v2\/media?parent=1340"}],"curies":[{"name":"wp","href":"https:\/\/api.w.org\/{rel}","templated":true}]}}